{"id":23,"date":"2023-05-14T16:58:13","date_gmt":"2023-05-14T16:58:13","guid":{"rendered":"https:\/\/wszedyrowny.pl\/?page_id=23"},"modified":"2024-11-10T20:02:56","modified_gmt":"2024-11-10T20:02:56","slug":"o-mnie","status":"publish","type":"page","link":"https:\/\/wszedyrowny.pl\/index.php\/o-mnie\/","title":{"rendered":"O Mnie"},"content":{"rendered":"\n<p class=\"has-text-align-center has-medium-font-size\">Od ponad 18 lat zajmuj\u0119 si\u0119 projektowaniem z wykorzystaniem tradycyjnych i nowoczesnych \u015brodk\u00f3w przekazu, nowymi mediami oraz fotografi\u0105.<\/p>\n\n\n\n<p class=\"has-text-align-center has-medium-font-size\"><strong>Obecnie specjalizuje si\u0119 w tworzeniu ok\u0142adek ksi\u0105\u017cek, a zw\u0142aszcza powie\u015bci wsp\u00f3\u0142czesnych, romans, YA, thriller\/horror.<\/strong><\/p>\n\n\n\n<p class=\"has-text-align-center has-medium-font-size\">Dodatkowo wieloletni kontakt i wsp\u00f3\u0142praca z dzia\u0142ami e-commerce, marketingu, social media, copywritingu, handlu, IT, HR. <\/p>\n\n\n\n<p class=\"has-text-align-center has-medium-font-size\">Pewny, pe\u0142en optymizmu, zawsze otwarty na nowe wyzwania.<\/p>\n\n\n\n<p class=\"has-text-align-center has-medium-font-size\"><strong>W 2014r. uzyska\u0142em dyplom na Polsko &#8211; Japo\u0144skiej Akademii Technik Komputerowych na wydziale Sztuki Nowych Medi\u00f3w &#8211; Grafika.<\/strong><\/p>\n\n\n\n<p class=\"has-text-align-center has-medium-font-size\">Interesuje si\u0119 muzyk\u0105, kinem, nowymi technologiami, grami, fantastyk\u0105, zdrowiem oraz otaczaj\u0105cym nas wszech\u015bwiatem.<\/p>\n\n\n\n<p class=\"has-text-align-center has-medium-font-size\">W wolnych chwilach od pracy zawodowej, pisz\u0119 muzyk\u0119, gram na instrumentach, poznaj\u0119 dobrych ludzi, bezinteresownie pomagam,<\/p>\n\n\n\n<p class=\"has-text-align-center has-medium-font-size\">podziwiam pi\u0119kno otaczaj\u0105cej nas natury albo odpoczywam \ud83d\ude42<\/p>\n","protected":false},"excerpt":{"rendered":"<p>Od ponad 18 lat zajmuj\u0119 si\u0119 projektowaniem z wykorzystaniem tradycyjnych i nowoczesnych \u015brodk\u00f3w przekazu, nowymi mediami oraz fotografi\u0105. Obecnie specjalizuje si\u0119 w tworzeniu ok\u0142adek ksi\u0105\u017cek, a zw\u0142aszcza powie\u015bci wsp\u00f3\u0142czesnych, romans, YA, thriller\/horror. Dodatkowo wieloletni kontakt i wsp\u00f3\u0142praca z dzia\u0142ami e-commerce, marketingu, social media, copywritingu, handlu, IT, HR. Pewny, pe\u0142en optymizmu, zawsze otwarty na nowe wyzwania. W 2014r. uzyska\u0142em dyplom na Polsko &#8211; Japo\u0144skiej Akademii Technik Komputerowych na wydziale Sztuki Nowych Medi\u00f3w &#8211; Grafika. Interesuje si\u0119 muzyk\u0105, kinem, nowymi technologiami, grami, fantastyk\u0105, zdrowiem oraz otaczaj\u0105cym nas wszech\u015bwiatem. W wolnych chwilach od pracy zawodowej, pisz\u0119 muzyk\u0119, gram na instrumentach, poznaj\u0119 dobrych ludzi, bezinteresownie pomagam, podziwiam pi\u0119kno otaczaj\u0105cej nas natury albo odpoczywam \ud83d\ude42<\/p>\n","protected":false},"author":1,"featured_media":0,"parent":0,"menu_order":0,"comment_status":"closed","ping_status":"closed","template":"","meta":[],"yoast_head":"<!-- This site is optimized with the Yoast SEO plugin v21.8.1 - https:\/\/yoast.com\/wordpress\/plugins\/seo\/ -->\n<title>O Mnie - Piotr Wsz\u0119dyr&oacute;wny<\/title>\n<meta name=\"robots\" content=\"index, follow, max-snippet:-1, max-image-preview:large, max-video-preview:-1\" \/>\n<link rel=\"canonical\" href=\"https:\/\/wszedyrowny.pl\/index.php\/o-mnie\/\" \/>\n<meta property=\"og:locale\" content=\"pl_PL\" \/>\n<meta property=\"og:type\" content=\"article\" \/>\n<meta property=\"og:title\" content=\"O Mnie - Piotr Wsz\u0119dyr&oacute;wny\" \/>\n<meta property=\"og:description\" content=\"Od ponad 18 lat zajmuj\u0119 si\u0119 projektowaniem z wykorzystaniem tradycyjnych i nowoczesnych \u015brodk\u00f3w przekazu, nowymi mediami oraz fotografi\u0105. Obecnie specjalizuje si\u0119 w tworzeniu ok\u0142adek ksi\u0105\u017cek, a zw\u0142aszcza powie\u015bci wsp\u00f3\u0142czesnych, romans, YA, thriller\/horror. Dodatkowo wieloletni kontakt i wsp\u00f3\u0142praca z dzia\u0142ami e-commerce, marketingu, social media, copywritingu, handlu, IT, HR. Pewny, pe\u0142en optymizmu, zawsze otwarty na nowe wyzwania. W 2014r. uzyska\u0142em dyplom na Polsko &#8211; Japo\u0144skiej Akademii Technik Komputerowych na wydziale Sztuki Nowych Medi\u00f3w &#8211; Grafika. Interesuje si\u0119 muzyk\u0105, kinem, nowymi technologiami, grami, fantastyk\u0105, zdrowiem oraz otaczaj\u0105cym nas wszech\u015bwiatem. W wolnych chwilach od pracy zawodowej, pisz\u0119 muzyk\u0119, gram na instrumentach, poznaj\u0119 dobrych ludzi, bezinteresownie pomagam, podziwiam pi\u0119kno otaczaj\u0105cej nas natury albo odpoczywam \ud83d\ude42\" \/>\n<meta property=\"og:url\" content=\"https:\/\/wszedyrowny.pl\/index.php\/o-mnie\/\" \/>\n<meta property=\"og:site_name\" content=\"Piotr Wsz\u0119dyr&oacute;wny\" \/>\n<meta property=\"article:modified_time\" content=\"2024-11-10T20:02:56+00:00\" \/>\n<meta name=\"twitter:card\" content=\"summary_large_image\" \/>\n<meta name=\"twitter:label1\" content=\"Szacowany czas czytania\" \/>\n\t<meta name=\"twitter:data1\" content=\"1 minuta\" \/>\n<script type=\"application\/ld+json\" class=\"yoast-schema-graph\">{\"@context\":\"https:\/\/schema.org\",\"@graph\":[{\"@type\":\"WebPage\",\"@id\":\"https:\/\/wszedyrowny.pl\/index.php\/o-mnie\/\",\"url\":\"https:\/\/wszedyrowny.pl\/index.php\/o-mnie\/\",\"name\":\"O Mnie - Piotr Wsz\u0119dyr&oacute;wny\",\"isPartOf\":{\"@id\":\"https:\/\/wszedyrowny.pl\/#website\"},\"datePublished\":\"2023-05-14T16:58:13+00:00\",\"dateModified\":\"2024-11-10T20:02:56+00:00\",\"breadcrumb\":{\"@id\":\"https:\/\/wszedyrowny.pl\/index.php\/o-mnie\/#breadcrumb\"},\"inLanguage\":\"pl-PL\",\"potentialAction\":[{\"@type\":\"ReadAction\",\"target\":[\"https:\/\/wszedyrowny.pl\/index.php\/o-mnie\/\"]}]},{\"@type\":\"BreadcrumbList\",\"@id\":\"https:\/\/wszedyrowny.pl\/index.php\/o-mnie\/#breadcrumb\",\"itemListElement\":[{\"@type\":\"ListItem\",\"position\":1,\"name\":\"Strona g\u0142\u00f3wna\",\"item\":\"https:\/\/wszedyrowny.pl\/\"},{\"@type\":\"ListItem\",\"position\":2,\"name\":\"O Mnie\"}]},{\"@type\":\"WebSite\",\"@id\":\"https:\/\/wszedyrowny.pl\/#website\",\"url\":\"https:\/\/wszedyrowny.pl\/\",\"name\":\"Piotr Wsz\u0119dyr&oacute;wny\",\"description\":\"\",\"potentialAction\":[{\"@type\":\"SearchAction\",\"target\":{\"@type\":\"EntryPoint\",\"urlTemplate\":\"https:\/\/wszedyrowny.pl\/?s={search_term_string}\"},\"query-input\":\"required name=search_term_string\"}],\"inLanguage\":\"pl-PL\"}]}<\/script>\n<!-- \/ Yoast SEO plugin. -->","yoast_head_json":{"title":"O Mnie - Piotr Wsz\u0119dyr&oacute;wny","robots":{"index":"index","follow":"follow","max-snippet":"max-snippet:-1","max-image-preview":"max-image-preview:large","max-video-preview":"max-video-preview:-1"},"canonical":"https:\/\/wszedyrowny.pl\/index.php\/o-mnie\/","og_locale":"pl_PL","og_type":"article","og_title":"O Mnie - Piotr Wsz\u0119dyr&oacute;wny","og_description":"Od ponad 18 lat zajmuj\u0119 si\u0119 projektowaniem z wykorzystaniem tradycyjnych i nowoczesnych \u015brodk\u00f3w przekazu, nowymi mediami oraz fotografi\u0105. Obecnie specjalizuje si\u0119 w tworzeniu ok\u0142adek ksi\u0105\u017cek, a zw\u0142aszcza powie\u015bci wsp\u00f3\u0142czesnych, romans, YA, thriller\/horror. Dodatkowo wieloletni kontakt i wsp\u00f3\u0142praca z dzia\u0142ami e-commerce, marketingu, social media, copywritingu, handlu, IT, HR. Pewny, pe\u0142en optymizmu, zawsze otwarty na nowe wyzwania. W 2014r. uzyska\u0142em dyplom na Polsko &#8211; Japo\u0144skiej Akademii Technik Komputerowych na wydziale Sztuki Nowych Medi\u00f3w &#8211; Grafika. Interesuje si\u0119 muzyk\u0105, kinem, nowymi technologiami, grami, fantastyk\u0105, zdrowiem oraz otaczaj\u0105cym nas wszech\u015bwiatem. W wolnych chwilach od pracy zawodowej, pisz\u0119 muzyk\u0119, gram na instrumentach, poznaj\u0119 dobrych ludzi, bezinteresownie pomagam, podziwiam pi\u0119kno otaczaj\u0105cej nas natury albo odpoczywam \ud83d\ude42","og_url":"https:\/\/wszedyrowny.pl\/index.php\/o-mnie\/","og_site_name":"Piotr Wsz\u0119dyr&oacute;wny","article_modified_time":"2024-11-10T20:02:56+00:00","twitter_card":"summary_large_image","twitter_misc":{"Szacowany czas czytania":"1 minuta"},"schema":{"@context":"https:\/\/schema.org","@graph":[{"@type":"WebPage","@id":"https:\/\/wszedyrowny.pl\/index.php\/o-mnie\/","url":"https:\/\/wszedyrowny.pl\/index.php\/o-mnie\/","name":"O Mnie - Piotr Wsz\u0119dyr&oacute;wny","isPartOf":{"@id":"https:\/\/wszedyrowny.pl\/#website"},"datePublished":"2023-05-14T16:58:13+00:00","dateModified":"2024-11-10T20:02:56+00:00","breadcrumb":{"@id":"https:\/\/wszedyrowny.pl\/index.php\/o-mnie\/#breadcrumb"},"inLanguage":"pl-PL","potentialAction":[{"@type":"ReadAction","target":["https:\/\/wszedyrowny.pl\/index.php\/o-mnie\/"]}]},{"@type":"BreadcrumbList","@id":"https:\/\/wszedyrowny.pl\/index.php\/o-mnie\/#breadcrumb","itemListElement":[{"@type":"ListItem","position":1,"name":"Strona g\u0142\u00f3wna","item":"https:\/\/wszedyrowny.pl\/"},{"@type":"ListItem","position":2,"name":"O Mnie"}]},{"@type":"WebSite","@id":"https:\/\/wszedyrowny.pl\/#website","url":"https:\/\/wszedyrowny.pl\/","name":"Piotr Wsz\u0119dyr&oacute;wny","description":"","potentialAction":[{"@type":"SearchAction","target":{"@type":"EntryPoint","urlTemplate":"https:\/\/wszedyrowny.pl\/?s={search_term_string}"},"query-input":"required name=search_term_string"}],"inLanguage":"pl-PL"}]}},"_links":{"self":[{"href":"https:\/\/wszedyrowny.pl\/index.php\/wp-json\/wp\/v2\/pages\/23"}],"collection":[{"href":"https:\/\/wszedyrowny.pl\/index.php\/wp-json\/wp\/v2\/pages"}],"about":[{"href":"https:\/\/wszedyrowny.pl\/index.php\/wp-json\/wp\/v2\/types\/page"}],"author":[{"embeddable":true,"href":"https:\/\/wszedyrowny.pl\/index.php\/wp-json\/wp\/v2\/users\/1"}],"replies":[{"embeddable":true,"href":"https:\/\/wszedyrowny.pl\/index.php\/wp-json\/wp\/v2\/comments?post=23"}],"version-history":[{"count":25,"href":"https:\/\/wszedyrowny.pl\/index.php\/wp-json\/wp\/v2\/pages\/23\/revisions"}],"predecessor-version":[{"id":696,"href":"https:\/\/wszedyrowny.pl\/index.php\/wp-json\/wp\/v2\/pages\/23\/revisions\/696"}],"wp:attachment":[{"href":"https:\/\/wszedyrowny.pl\/index.php\/wp-json\/wp\/v2\/media?parent=23"}],"curies":[{"name":"wp","href":"https:\/\/api.w.org\/{rel}","templated":true}]}}