{"id":26,"date":"2023-05-14T16:58:13","date_gmt":"2023-05-14T16:58:13","guid":{"rendered":"https:\/\/wszedyrowny.pl\/?page_id=26"},"modified":"2025-03-28T13:41:47","modified_gmt":"2025-03-28T13:41:47","slug":"kontakt","status":"publish","type":"page","link":"https:\/\/wszedyrowny.pl\/index.php\/kontakt\/","title":{"rendered":"Kontakt"},"content":{"rendered":"\n<p class=\"has-text-align-center has-medium-font-size\"><strong>Piotr Wsz\u0119dyr\u00f3wny:<\/strong><br><br>e-mail:. <strong>wszedyrowny@gmail.com<\/strong><br><br><a href=\"https:\/\/www.facebook.com\/evrstrght\">https:\/\/www.facebook.com\/evrstrght<\/a><br><a href=\"https:\/\/www.instagram.com\/everstraight\">https:\/\/www.instagram.com\/everstraight<\/a><\/p>\n<div class='row'><div style='padding-bottom:30px;' class='span12 first-module module_number_1 module_cont  module_messageboxes'>\r\n\t\t\t<div class='module_content clearfix no_icon shortcode_messagebox box_type1'>\r\n\t\t\t\t<div class='box_content'>\r\n\t\t\t\t    <div class='innerpadding'><i class=><\/i> <\/div>\r\n\t\t\t\t<\/div>\r\n                <a class='box_close' href='javascript:void(0)'><\/a>\r\n\t\t\t<\/div>\r\n\t\t\t<\/div><!-- .module_cont --><\/div>","protected":false},"excerpt":{"rendered":"<p>Piotr Wsz\u0119dyr\u00f3wny: e-mail:. wszedyrowny@gmail.com https:\/\/www.facebook.com\/evrstrghthttps:\/\/www.instagram.com\/everstraight<\/p>\n","protected":false},"author":1,"featured_media":0,"parent":0,"menu_order":0,"comment_status":"closed","ping_status":"closed","template":"","meta":[],"yoast_head":"<!-- This site is optimized with the Yoast SEO plugin v21.8.1 - https:\/\/yoast.com\/wordpress\/plugins\/seo\/ -->\n<title>Kontakt - Piotr Wsz\u0119dyr&oacute;wny<\/title>\n<meta name=\"robots\" content=\"index, follow, max-snippet:-1, max-image-preview:large, max-video-preview:-1\" \/>\n<link rel=\"canonical\" href=\"https:\/\/wszedyrowny.pl\/index.php\/kontakt\/\" \/>\n<meta property=\"og:locale\" content=\"pl_PL\" \/>\n<meta property=\"og:type\" content=\"article\" \/>\n<meta property=\"og:title\" content=\"Kontakt - Piotr Wsz\u0119dyr&oacute;wny\" \/>\n<meta property=\"og:description\" content=\"Piotr Wsz\u0119dyr\u00f3wny: e-mail:. wszedyrowny@gmail.com https:\/\/www.facebook.com\/evrstrghthttps:\/\/www.instagram.com\/everstraight\" \/>\n<meta property=\"og:url\" content=\"https:\/\/wszedyrowny.pl\/index.php\/kontakt\/\" \/>\n<meta property=\"og:site_name\" content=\"Piotr Wsz\u0119dyr&oacute;wny\" \/>\n<meta property=\"article:modified_time\" content=\"2025-03-28T13:41:47+00:00\" \/>\n<meta name=\"twitter:card\" content=\"summary_large_image\" \/>\n<meta name=\"twitter:label1\" content=\"Szacowany czas czytania\" \/>\n\t<meta name=\"twitter:data1\" content=\"1 minuta\" \/>\n<script type=\"application\/ld+json\" class=\"yoast-schema-graph\">{\"@context\":\"https:\/\/schema.org\",\"@graph\":[{\"@type\":\"WebPage\",\"@id\":\"https:\/\/wszedyrowny.pl\/index.php\/kontakt\/\",\"url\":\"https:\/\/wszedyrowny.pl\/index.php\/kontakt\/\",\"name\":\"Kontakt - Piotr Wsz\u0119dyr&oacute;wny\",\"isPartOf\":{\"@id\":\"https:\/\/wszedyrowny.pl\/#website\"},\"datePublished\":\"2023-05-14T16:58:13+00:00\",\"dateModified\":\"2025-03-28T13:41:47+00:00\",\"breadcrumb\":{\"@id\":\"https:\/\/wszedyrowny.pl\/index.php\/kontakt\/#breadcrumb\"},\"inLanguage\":\"pl-PL\",\"potentialAction\":[{\"@type\":\"ReadAction\",\"target\":[\"https:\/\/wszedyrowny.pl\/index.php\/kontakt\/\"]}]},{\"@type\":\"BreadcrumbList\",\"@id\":\"https:\/\/wszedyrowny.pl\/index.php\/kontakt\/#breadcrumb\",\"itemListElement\":[{\"@type\":\"ListItem\",\"position\":1,\"name\":\"Strona g\u0142\u00f3wna\",\"item\":\"https:\/\/wszedyrowny.pl\/\"},{\"@type\":\"ListItem\",\"position\":2,\"name\":\"Kontakt\"}]},{\"@type\":\"WebSite\",\"@id\":\"https:\/\/wszedyrowny.pl\/#website\",\"url\":\"https:\/\/wszedyrowny.pl\/\",\"name\":\"Piotr Wsz\u0119dyr&oacute;wny\",\"description\":\"\",\"potentialAction\":[{\"@type\":\"SearchAction\",\"target\":{\"@type\":\"EntryPoint\",\"urlTemplate\":\"https:\/\/wszedyrowny.pl\/?s={search_term_string}\"},\"query-input\":\"required name=search_term_string\"}],\"inLanguage\":\"pl-PL\"}]}<\/script>\n<!-- \/ Yoast SEO plugin. -->","yoast_head_json":{"title":"Kontakt - Piotr Wsz\u0119dyr&oacute;wny","robots":{"index":"index","follow":"follow","max-snippet":"max-snippet:-1","max-image-preview":"max-image-preview:large","max-video-preview":"max-video-preview:-1"},"canonical":"https:\/\/wszedyrowny.pl\/index.php\/kontakt\/","og_locale":"pl_PL","og_type":"article","og_title":"Kontakt - Piotr Wsz\u0119dyr&oacute;wny","og_description":"Piotr Wsz\u0119dyr\u00f3wny: e-mail:. wszedyrowny@gmail.com https:\/\/www.facebook.com\/evrstrghthttps:\/\/www.instagram.com\/everstraight","og_url":"https:\/\/wszedyrowny.pl\/index.php\/kontakt\/","og_site_name":"Piotr Wsz\u0119dyr&oacute;wny","article_modified_time":"2025-03-28T13:41:47+00:00","twitter_card":"summary_large_image","twitter_misc":{"Szacowany czas czytania":"1 minuta"},"schema":{"@context":"https:\/\/schema.org","@graph":[{"@type":"WebPage","@id":"https:\/\/wszedyrowny.pl\/index.php\/kontakt\/","url":"https:\/\/wszedyrowny.pl\/index.php\/kontakt\/","name":"Kontakt - Piotr Wsz\u0119dyr&oacute;wny","isPartOf":{"@id":"https:\/\/wszedyrowny.pl\/#website"},"datePublished":"2023-05-14T16:58:13+00:00","dateModified":"2025-03-28T13:41:47+00:00","breadcrumb":{"@id":"https:\/\/wszedyrowny.pl\/index.php\/kontakt\/#breadcrumb"},"inLanguage":"pl-PL","potentialAction":[{"@type":"ReadAction","target":["https:\/\/wszedyrowny.pl\/index.php\/kontakt\/"]}]},{"@type":"BreadcrumbList","@id":"https:\/\/wszedyrowny.pl\/index.php\/kontakt\/#breadcrumb","itemListElement":[{"@type":"ListItem","position":1,"name":"Strona g\u0142\u00f3wna","item":"https:\/\/wszedyrowny.pl\/"},{"@type":"ListItem","position":2,"name":"Kontakt"}]},{"@type":"WebSite","@id":"https:\/\/wszedyrowny.pl\/#website","url":"https:\/\/wszedyrowny.pl\/","name":"Piotr Wsz\u0119dyr&oacute;wny","description":"","potentialAction":[{"@type":"SearchAction","target":{"@type":"EntryPoint","urlTemplate":"https:\/\/wszedyrowny.pl\/?s={search_term_string}"},"query-input":"required name=search_term_string"}],"inLanguage":"pl-PL"}]}},"_links":{"self":[{"href":"https:\/\/wszedyrowny.pl\/index.php\/wp-json\/wp\/v2\/pages\/26"}],"collection":[{"href":"https:\/\/wszedyrowny.pl\/index.php\/wp-json\/wp\/v2\/pages"}],"about":[{"href":"https:\/\/wszedyrowny.pl\/index.php\/wp-json\/wp\/v2\/types\/page"}],"author":[{"embeddable":true,"href":"https:\/\/wszedyrowny.pl\/index.php\/wp-json\/wp\/v2\/users\/1"}],"replies":[{"embeddable":true,"href":"https:\/\/wszedyrowny.pl\/index.php\/wp-json\/wp\/v2\/comments?post=26"}],"version-history":[{"count":11,"href":"https:\/\/wszedyrowny.pl\/index.php\/wp-json\/wp\/v2\/pages\/26\/revisions"}],"predecessor-version":[{"id":747,"href":"https:\/\/wszedyrowny.pl\/index.php\/wp-json\/wp\/v2\/pages\/26\/revisions\/747"}],"wp:attachment":[{"href":"https:\/\/wszedyrowny.pl\/index.php\/wp-json\/wp\/v2\/media?parent=26"}],"curies":[{"name":"wp","href":"https:\/\/api.w.org\/{rel}","templated":true}]}}